{"id":1869,"date":"2024-04-04T15:57:23","date_gmt":"2024-04-04T15:57:23","guid":{"rendered":"https:\/\/dukimatic.com\/comunidad\/"},"modified":"2025-07-01T01:09:17","modified_gmt":"2025-07-01T01:09:17","slug":"consumibles","status":"publish","type":"page","link":"https:\/\/dukimatic.com\/en\/consumibles\/","title":{"rendered":"Consumables"},"content":{"rendered":"<div data-elementor-type=\"wp-page\" data-elementor-id=\"1869\" class=\"elementor elementor-1869\">\n\t\t\t\t<div class=\"elementor-element elementor-element-7ea96b2 e-flex e-con-boxed e-con e-parent\" data-id=\"7ea96b2\" data-element_type=\"container\" data-settings=\"{&quot;background_background&quot;:&quot;classic&quot;}\">\n\t\t\t\t\t<div class=\"e-con-inner\">\n\t\t\t\t<div class=\"elementor-element elementor-element-841f1c1 elementor-widget__width-inherit elementor-widget elementor-widget-image\" data-id=\"841f1c1\" data-element_type=\"widget\" data-widget_type=\"image.default\">\n\t\t\t\t<div class=\"elementor-widget-container\">\n\t\t\t\t\t\t\t\t\t\t\t\t\t\t\t<img fetchpriority=\"high\" decoding=\"async\" width=\"1860\" height=\"420\" src=\"https:\/\/dukimatic.com\/wp-content\/uploads\/2025\/06\/PAGINA-WEB-21.png\" class=\"attachment-full size-full wp-image-3107\" alt=\"\" srcset=\"https:\/\/dukimatic.com\/wp-content\/uploads\/2025\/06\/PAGINA-WEB-21.png 1860w, https:\/\/dukimatic.com\/wp-content\/uploads\/2025\/06\/PAGINA-WEB-21-300x68.png 300w, https:\/\/dukimatic.com\/wp-content\/uploads\/2025\/06\/PAGINA-WEB-21-1024x231.png 1024w, https:\/\/dukimatic.com\/wp-content\/uploads\/2025\/06\/PAGINA-WEB-21-768x173.png 768w, https:\/\/dukimatic.com\/wp-content\/uploads\/2025\/06\/PAGINA-WEB-21-1536x347.png 1536w, https:\/\/dukimatic.com\/wp-content\/uploads\/2025\/06\/PAGINA-WEB-21-18x4.png 18w\" sizes=\"(max-width: 1860px) 100vw, 1860px\" \/>\t\t\t\t\t\t\t\t\t\t\t\t\t\t\t<\/div>\n\t\t\t\t<\/div>\n\t\t<div class=\"elementor-element elementor-element-a827bfd e-con-full e-flex e-con e-child\" data-id=\"a827bfd\" data-element_type=\"container\">\n\t\t\t\t<div class=\"elementor-element elementor-element-b000889 elementor-widget elementor-widget-heading\" data-id=\"b000889\" data-element_type=\"widget\" data-widget_type=\"heading.default\">\n\t\t\t\t<div class=\"elementor-widget-container\">\n\t\t\t\t\t<h2 class=\"elementor-heading-title elementor-size-default\">Choose from our consumables portfolio!<\/h2>\t\t\t\t<\/div>\n\t\t\t\t<\/div>\n\t\t<div class=\"elementor-element elementor-element-df34c18 e-con-full e-flex e-con e-child\" data-id=\"df34c18\" data-element_type=\"container\">\n\t\t\t\t<div class=\"elementor-element elementor-element-a5aa559 elementor-align-justify elementor-widget__width-initial elementor-widget elementor-widget-button\" data-id=\"a5aa559\" data-element_type=\"widget\" data-widget_type=\"button.default\">\n\t\t\t\t<div class=\"elementor-widget-container\">\n\t\t\t\t\t\t\t\t\t<div class=\"elementor-button-wrapper\">\n\t\t\t\t\t<a class=\"elementor-button elementor-button-link elementor-size-sm elementor-animation-grow\" href=\"#Envasos\">\n\t\t\t\t\t\t<span class=\"elementor-button-content-wrapper\">\n\t\t\t\t\t\t\t\t\t<span class=\"elementor-button-text\">Packaging Material<\/span>\n\t\t\t\t\t<\/span>\n\t\t\t\t\t<\/a>\n\t\t\t\t<\/div>\n\t\t\t\t\t\t\t\t<\/div>\n\t\t\t\t<\/div>\n\t\t\t\t<div class=\"elementor-element elementor-element-46aa666 elementor-align-justify elementor-widget__width-initial elementor-widget elementor-widget-button\" data-id=\"46aa666\" data-element_type=\"widget\" data-widget_type=\"button.default\">\n\t\t\t\t<div class=\"elementor-widget-container\">\n\t\t\t\t\t\t\t\t\t<div class=\"elementor-button-wrapper\">\n\t\t\t\t\t<a class=\"elementor-button elementor-size-sm elementor-animation-grow\" role=\"button\">\n\t\t\t\t\t\t<span class=\"elementor-button-content-wrapper\">\n\t\t\t\t\t\t\t\t\t<span class=\"elementor-button-text\">Disinfection (coming soon)<\/span>\n\t\t\t\t\t<\/span>\n\t\t\t\t\t<\/a>\n\t\t\t\t<\/div>\n\t\t\t\t\t\t\t\t<\/div>\n\t\t\t\t<\/div>\n\t\t\t\t<div class=\"elementor-element elementor-element-6e50b7f elementor-align-justify elementor-widget__width-initial elementor-widget elementor-widget-button\" data-id=\"6e50b7f\" data-element_type=\"widget\" data-widget_type=\"button.default\">\n\t\t\t\t<div class=\"elementor-widget-container\">\n\t\t\t\t\t\t\t\t\t<div class=\"elementor-button-wrapper\">\n\t\t\t\t\t<a class=\"elementor-button elementor-size-sm elementor-animation-grow\" role=\"button\">\n\t\t\t\t\t\t<span class=\"elementor-button-content-wrapper\">\n\t\t\t\t\t\t\t\t\t<span class=\"elementor-button-text\">Fertilizers (coming soon)<\/span>\n\t\t\t\t\t<\/span>\n\t\t\t\t\t<\/a>\n\t\t\t\t<\/div>\n\t\t\t\t\t\t\t\t<\/div>\n\t\t\t\t<\/div>\n\t\t\t\t<div class=\"elementor-element elementor-element-698d7c8 elementor-align-justify elementor-widget__width-initial elementor-widget elementor-widget-button\" data-id=\"698d7c8\" data-element_type=\"widget\" data-widget_type=\"button.default\">\n\t\t\t\t<div class=\"elementor-widget-container\">\n\t\t\t\t\t\t\t\t\t<div class=\"elementor-button-wrapper\">\n\t\t\t\t\t<a class=\"elementor-button elementor-button-link elementor-size-sm elementor-animation-grow\" href=\"https:\/\/dukimatic.com\/en\/maquinaria\/\">\n\t\t\t\t\t\t<span class=\"elementor-button-content-wrapper\">\n\t\t\t\t\t\t\t\t\t<span class=\"elementor-button-text\">Machinery<\/span>\n\t\t\t\t\t<\/span>\n\t\t\t\t\t<\/a>\n\t\t\t\t<\/div>\n\t\t\t\t\t\t\t\t<\/div>\n\t\t\t\t<\/div>\n\t\t\t\t<\/div>\n\t\t\t\t<\/div>\n\t\t\t\t\t<\/div>\n\t\t\t\t<\/div>\n\t\t<div class=\"elementor-element elementor-element-6fcd9b1 e-flex e-con-boxed e-con e-parent\" data-id=\"6fcd9b1\" data-element_type=\"container\">\n\t\t\t\t\t<div class=\"e-con-inner\">\n\t\t\t\t<div class=\"elementor-element elementor-element-fc16a64 elementor-widget elementor-widget-menu-anchor\" data-id=\"fc16a64\" data-element_type=\"widget\" data-widget_type=\"menu-anchor.default\">\n\t\t\t\t<div class=\"elementor-widget-container\">\n\t\t\t\t\t\t\t<div class=\"elementor-menu-anchor\" id=\"Envasos\"><\/div>\n\t\t\t\t\t\t<\/div>\n\t\t\t\t<\/div>\n\t\t<div class=\"elementor-element elementor-element-82f3782 e-con-full e-flex e-con e-child\" data-id=\"82f3782\" data-element_type=\"container\">\n\t\t\t\t<div class=\"elementor-element elementor-element-88985de elementor-widget elementor-widget-heading\" data-id=\"88985de\" data-element_type=\"widget\" data-widget_type=\"heading.default\">\n\t\t\t\t<div class=\"elementor-widget-container\">\n\t\t\t\t\t<h2 class=\"elementor-heading-title elementor-size-default\">Packaging Material<\/h2>\t\t\t\t<\/div>\n\t\t\t\t<\/div>\n\t\t\t\t<\/div>\n\t\t<div class=\"elementor-element elementor-element-a66bad5 e-con-full e-flex e-con e-child\" data-id=\"a66bad5\" data-element_type=\"container\">\n\t\t<div class=\"elementor-element elementor-element-2c8292c e-con-full e-flex e-con e-child\" data-id=\"2c8292c\" data-element_type=\"container\">\n\t\t\t\t<div class=\"elementor-element elementor-element-d717c28 elementor-widget__width-initial elementor-widget elementor-widget-heading\" data-id=\"d717c28\" data-element_type=\"widget\" data-widget_type=\"heading.default\">\n\t\t\t\t<div class=\"elementor-widget-container\">\n\t\t\t\t\t<h2 class=\"elementor-heading-title elementor-size-default\">Flowwrap foil\n<\/h2>\t\t\t\t<\/div>\n\t\t\t\t<\/div>\n\t\t\t\t<\/div>\n\t\t\t\t<div class=\"elementor-element elementor-element-a32f8e5 elementor-widget__width-initial elementor-widget elementor-widget-image\" data-id=\"a32f8e5\" data-element_type=\"widget\" data-widget_type=\"image.default\">\n\t\t\t\t<div class=\"elementor-widget-container\">\n\t\t\t\t\t\t\t\t\t\t\t\t\t\t\t<img decoding=\"async\" width=\"300\" height=\"300\" src=\"https:\/\/dukimatic.com\/wp-content\/uploads\/2025\/06\/97-300x300.png\" class=\"attachment-medium size-medium wp-image-3175\" alt=\"\" srcset=\"https:\/\/dukimatic.com\/wp-content\/uploads\/2025\/06\/97-300x300.png 300w, https:\/\/dukimatic.com\/wp-content\/uploads\/2025\/06\/97-150x150.png 150w, https:\/\/dukimatic.com\/wp-content\/uploads\/2025\/06\/97-12x12.png 12w, https:\/\/dukimatic.com\/wp-content\/uploads\/2025\/06\/97.png 500w\" sizes=\"(max-width: 300px) 100vw, 300px\" \/>\t\t\t\t\t\t\t\t\t\t\t\t\t\t\t<\/div>\n\t\t\t\t<\/div>\n\t\t<div class=\"elementor-element elementor-element-e79bebe e-con-full e-flex e-con e-child\" data-id=\"e79bebe\" data-element_type=\"container\">\n\t\t\t\t<div class=\"elementor-element elementor-element-b2e21c3 elementor-widget__width-initial elementor-widget elementor-widget-heading\" data-id=\"b2e21c3\" data-element_type=\"widget\" data-widget_type=\"heading.default\">\n\t\t\t\t<div class=\"elementor-widget-container\">\n\t\t\t\t\t<h2 class=\"elementor-heading-title elementor-size-default\">PVC Foil\n<\/h2>\t\t\t\t<\/div>\n\t\t\t\t<\/div>\n\t\t\t\t<\/div>\n\t\t\t\t<div class=\"elementor-element elementor-element-d98a796 elementor-widget__width-initial elementor-widget elementor-widget-image\" data-id=\"d98a796\" data-element_type=\"widget\" data-widget_type=\"image.default\">\n\t\t\t\t<div class=\"elementor-widget-container\">\n\t\t\t\t\t\t\t\t\t\t\t\t\t\t\t<img decoding=\"async\" width=\"300\" height=\"300\" src=\"https:\/\/dukimatic.com\/wp-content\/uploads\/2025\/06\/91-300x300.png\" class=\"attachment-medium size-medium wp-image-3174\" alt=\"\" srcset=\"https:\/\/dukimatic.com\/wp-content\/uploads\/2025\/06\/91-300x300.png 300w, https:\/\/dukimatic.com\/wp-content\/uploads\/2025\/06\/91-150x150.png 150w, https:\/\/dukimatic.com\/wp-content\/uploads\/2025\/06\/91-12x12.png 12w, https:\/\/dukimatic.com\/wp-content\/uploads\/2025\/06\/91.png 499w\" sizes=\"(max-width: 300px) 100vw, 300px\" \/>\t\t\t\t\t\t\t\t\t\t\t\t\t\t\t<\/div>\n\t\t\t\t<\/div>\n\t\t\t\t<\/div>\n\t\t<div class=\"elementor-element elementor-element-866fffd e-con-full e-flex e-con e-child\" data-id=\"866fffd\" data-element_type=\"container\">\n\t\t\t\t<div class=\"elementor-element elementor-element-224df33 elementor-widget__width-initial elementor-widget elementor-widget-image\" data-id=\"224df33\" data-element_type=\"widget\" data-widget_type=\"image.default\">\n\t\t\t\t<div class=\"elementor-widget-container\">\n\t\t\t\t\t\t\t\t\t\t\t\t\t\t\t<img loading=\"lazy\" decoding=\"async\" width=\"300\" height=\"300\" src=\"https:\/\/dukimatic.com\/wp-content\/uploads\/2025\/06\/98-300x300.png\" class=\"attachment-medium size-medium wp-image-3176\" alt=\"\" srcset=\"https:\/\/dukimatic.com\/wp-content\/uploads\/2025\/06\/98-300x300.png 300w, https:\/\/dukimatic.com\/wp-content\/uploads\/2025\/06\/98-150x150.png 150w, https:\/\/dukimatic.com\/wp-content\/uploads\/2025\/06\/98-12x12.png 12w, https:\/\/dukimatic.com\/wp-content\/uploads\/2025\/06\/98.png 500w\" sizes=\"(max-width: 300px) 100vw, 300px\" \/>\t\t\t\t\t\t\t\t\t\t\t\t\t\t\t<\/div>\n\t\t\t\t<\/div>\n\t\t<div class=\"elementor-element elementor-element-0d655f9 e-con-full e-flex e-con e-child\" data-id=\"0d655f9\" data-element_type=\"container\">\n\t\t\t\t<div class=\"elementor-element elementor-element-8ede1c2 elementor-widget__width-initial elementor-widget elementor-widget-heading\" data-id=\"8ede1c2\" data-element_type=\"widget\" data-widget_type=\"heading.default\">\n\t\t\t\t<div class=\"elementor-widget-container\">\n\t\t\t\t\t<h2 class=\"elementor-heading-title elementor-size-default\">Ziploc Bags<\/h2>\t\t\t\t<\/div>\n\t\t\t\t<\/div>\n\t\t\t\t<\/div>\n\t\t\t\t<div class=\"elementor-element elementor-element-1256dba elementor-widget__width-initial elementor-widget elementor-widget-image\" data-id=\"1256dba\" data-element_type=\"widget\" data-widget_type=\"image.default\">\n\t\t\t\t<div class=\"elementor-widget-container\">\n\t\t\t\t\t\t\t\t\t\t\t\t\t\t\t<img loading=\"lazy\" decoding=\"async\" width=\"300\" height=\"300\" src=\"https:\/\/dukimatic.com\/wp-content\/uploads\/2025\/06\/90-300x300.png\" class=\"attachment-medium size-medium wp-image-3178\" alt=\"\" srcset=\"https:\/\/dukimatic.com\/wp-content\/uploads\/2025\/06\/90-300x300.png 300w, https:\/\/dukimatic.com\/wp-content\/uploads\/2025\/06\/90-150x150.png 150w, https:\/\/dukimatic.com\/wp-content\/uploads\/2025\/06\/90-12x12.png 12w, https:\/\/dukimatic.com\/wp-content\/uploads\/2025\/06\/90.png 501w\" sizes=\"(max-width: 300px) 100vw, 300px\" \/>\t\t\t\t\t\t\t\t\t\t\t\t\t\t\t<\/div>\n\t\t\t\t<\/div>\n\t\t<div class=\"elementor-element elementor-element-37e5af2 e-con-full e-flex e-con e-child\" data-id=\"37e5af2\" data-element_type=\"container\">\n\t\t\t\t<div class=\"elementor-element elementor-element-179ef66 elementor-widget__width-initial elementor-widget elementor-widget-heading\" data-id=\"179ef66\" data-element_type=\"widget\" data-widget_type=\"heading.default\">\n\t\t\t\t<div class=\"elementor-widget-container\">\n\t\t\t\t\t<h2 class=\"elementor-heading-title elementor-size-default\">Shrink Wrap<\/h2>\t\t\t\t<\/div>\n\t\t\t\t<\/div>\n\t\t\t\t<\/div>\n\t\t\t\t<\/div>\n\t\t<div class=\"elementor-element elementor-element-8f6449b e-con-full e-flex e-con e-child\" data-id=\"8f6449b\" data-element_type=\"container\">\n\t\t\t\t<div class=\"elementor-element elementor-element-9274cd2 elementor-widget__width-initial elementor-widget elementor-widget-image\" data-id=\"9274cd2\" data-element_type=\"widget\" data-widget_type=\"image.default\">\n\t\t\t\t<div class=\"elementor-widget-container\">\n\t\t\t\t\t\t\t\t\t\t\t\t\t\t\t<img loading=\"lazy\" decoding=\"async\" width=\"300\" height=\"300\" src=\"https:\/\/dukimatic.com\/wp-content\/uploads\/2025\/06\/94-300x300.png\" class=\"attachment-medium size-medium wp-image-3179\" alt=\"\" srcset=\"https:\/\/dukimatic.com\/wp-content\/uploads\/2025\/06\/94-300x300.png 300w, https:\/\/dukimatic.com\/wp-content\/uploads\/2025\/06\/94-150x150.png 150w, https:\/\/dukimatic.com\/wp-content\/uploads\/2025\/06\/94-12x12.png 12w, https:\/\/dukimatic.com\/wp-content\/uploads\/2025\/06\/94.png 500w\" sizes=\"(max-width: 300px) 100vw, 300px\" \/>\t\t\t\t\t\t\t\t\t\t\t\t\t\t\t<\/div>\n\t\t\t\t<\/div>\n\t\t<div class=\"elementor-element elementor-element-1ab3202 e-con-full e-flex e-con e-child\" data-id=\"1ab3202\" data-element_type=\"container\">\n\t\t\t\t<div class=\"elementor-element elementor-element-4cd5eb1 elementor-widget__width-initial elementor-widget elementor-widget-heading\" data-id=\"4cd5eb1\" data-element_type=\"widget\" data-widget_type=\"heading.default\">\n\t\t\t\t<div class=\"elementor-widget-container\">\n\t\t\t\t\t<h2 class=\"elementor-heading-title elementor-size-default\">Lid Film<\/h2>\t\t\t\t<\/div>\n\t\t\t\t<\/div>\n\t\t\t\t<\/div>\n\t\t<div class=\"elementor-element elementor-element-0be9146 e-con-full e-flex e-con e-child\" data-id=\"0be9146\" data-element_type=\"container\">\n\t\t\t\t<div class=\"elementor-element elementor-element-bc1b9d8 elementor-widget__width-initial elementor-widget elementor-widget-heading\" data-id=\"bc1b9d8\" data-element_type=\"widget\" data-widget_type=\"heading.default\">\n\t\t\t\t<div class=\"elementor-widget-container\">\n\t\t\t\t\t<h2 class=\"elementor-heading-title elementor-size-default\">Labels<\/h2>\t\t\t\t<\/div>\n\t\t\t\t<\/div>\n\t\t\t\t<\/div>\n\t\t\t\t<div class=\"elementor-element elementor-element-89efeb8 elementor-widget__width-initial elementor-widget elementor-widget-image\" data-id=\"89efeb8\" data-element_type=\"widget\" data-widget_type=\"image.default\">\n\t\t\t\t<div class=\"elementor-widget-container\">\n\t\t\t\t\t\t\t\t\t\t\t\t\t\t\t<img loading=\"lazy\" decoding=\"async\" width=\"300\" height=\"300\" src=\"https:\/\/dukimatic.com\/wp-content\/uploads\/2025\/06\/95-300x300.png\" class=\"attachment-medium size-medium wp-image-3180\" alt=\"\" srcset=\"https:\/\/dukimatic.com\/wp-content\/uploads\/2025\/06\/95-300x300.png 300w, https:\/\/dukimatic.com\/wp-content\/uploads\/2025\/06\/95-150x150.png 150w, https:\/\/dukimatic.com\/wp-content\/uploads\/2025\/06\/95-12x12.png 12w, https:\/\/dukimatic.com\/wp-content\/uploads\/2025\/06\/95.png 500w\" sizes=\"(max-width: 300px) 100vw, 300px\" \/>\t\t\t\t\t\t\t\t\t\t\t\t\t\t\t<\/div>\n\t\t\t\t<\/div>\n\t\t\t\t<\/div>\n\t\t<div class=\"elementor-element elementor-element-ccfae4c e-con-full e-flex e-con e-child\" data-id=\"ccfae4c\" data-element_type=\"container\">\n\t\t\t\t<div class=\"elementor-element elementor-element-c529471 elementor-widget__width-initial elementor-widget elementor-widget-image\" data-id=\"c529471\" data-element_type=\"widget\" data-widget_type=\"image.default\">\n\t\t\t\t<div class=\"elementor-widget-container\">\n\t\t\t\t\t\t\t\t\t\t\t\t\t\t\t<img loading=\"lazy\" decoding=\"async\" width=\"300\" height=\"300\" src=\"https:\/\/dukimatic.com\/wp-content\/uploads\/2025\/06\/96-300x300.png\" class=\"attachment-medium size-medium wp-image-3181\" alt=\"\" srcset=\"https:\/\/dukimatic.com\/wp-content\/uploads\/2025\/06\/96-300x300.png 300w, https:\/\/dukimatic.com\/wp-content\/uploads\/2025\/06\/96-150x150.png 150w, https:\/\/dukimatic.com\/wp-content\/uploads\/2025\/06\/96-12x12.png 12w, https:\/\/dukimatic.com\/wp-content\/uploads\/2025\/06\/96.png 500w\" sizes=\"(max-width: 300px) 100vw, 300px\" \/>\t\t\t\t\t\t\t\t\t\t\t\t\t\t\t<\/div>\n\t\t\t\t<\/div>\n\t\t<div class=\"elementor-element elementor-element-885f146 e-con-full e-flex e-con e-child\" data-id=\"885f146\" data-element_type=\"container\">\n\t\t\t\t<div class=\"elementor-element elementor-element-2b12fb4 elementor-widget__width-initial elementor-widget elementor-widget-heading\" data-id=\"2b12fb4\" data-element_type=\"widget\" data-widget_type=\"heading.default\">\n\t\t\t\t<div class=\"elementor-widget-container\">\n\t\t\t\t\t<h2 class=\"elementor-heading-title elementor-size-default\">MAP Bags and BOPP Plastics<\/h2>\t\t\t\t<\/div>\n\t\t\t\t<\/div>\n\t\t\t\t<\/div>\n\t\t<div class=\"elementor-element elementor-element-91b3059 e-con-full e-flex e-con e-child\" data-id=\"91b3059\" data-element_type=\"container\">\n\t\t\t\t<div class=\"elementor-element elementor-element-5410cb6 elementor-widget__width-initial elementor-widget elementor-widget-heading\" data-id=\"5410cb6\" data-element_type=\"widget\" data-widget_type=\"heading.default\">\n\t\t\t\t<div class=\"elementor-widget-container\">\n\t\t\t\t\t<h2 class=\"elementor-heading-title elementor-size-default\">Trays, Punnets and Clamshells<\/h2>\t\t\t\t<\/div>\n\t\t\t\t<\/div>\n\t\t\t\t<\/div>\n\t\t\t\t<div class=\"elementor-element elementor-element-d3d75b6 elementor-widget__width-initial elementor-arrows-position-inside elementor-pagination-position-outside elementor-widget elementor-widget-image-carousel\" data-id=\"d3d75b6\" data-element_type=\"widget\" data-settings=\"{&quot;slides_to_show&quot;:&quot;1&quot;,&quot;navigation&quot;:&quot;both&quot;,&quot;autoplay&quot;:&quot;yes&quot;,&quot;pause_on_hover&quot;:&quot;yes&quot;,&quot;pause_on_interaction&quot;:&quot;yes&quot;,&quot;autoplay_speed&quot;:5000,&quot;infinite&quot;:&quot;yes&quot;,&quot;effect&quot;:&quot;slide&quot;,&quot;speed&quot;:500}\" data-widget_type=\"image-carousel.default\">\n\t\t\t\t<div class=\"elementor-widget-container\">\n\t\t\t\t\t\t\t<div class=\"elementor-image-carousel-wrapper swiper\" role=\"region\" aria-roledescription=\"carousel\" aria-label=\"Image Carousel\" dir=\"ltr\">\n\t\t\t<div class=\"elementor-image-carousel swiper-wrapper\" aria-live=\"off\">\n\t\t\t\t\t\t\t\t<div class=\"swiper-slide\" role=\"group\" aria-roledescription=\"slide\" aria-label=\"1 de 2\"><figure class=\"swiper-slide-inner\"><img decoding=\"async\" class=\"swiper-slide-image\" src=\"https:\/\/dukimatic.com\/wp-content\/uploads\/2025\/06\/92-300x300.png\" alt=\"92\" \/><\/figure><\/div><div class=\"swiper-slide\" role=\"group\" aria-roledescription=\"slide\" aria-label=\"2 de 2\"><figure class=\"swiper-slide-inner\"><img decoding=\"async\" class=\"swiper-slide-image\" src=\"https:\/\/dukimatic.com\/wp-content\/uploads\/2025\/06\/93-300x300.png\" alt=\"93\" \/><\/figure><\/div>\t\t\t<\/div>\n\t\t\t\t\t\t\t\t\t\t\t\t<div class=\"elementor-swiper-button elementor-swiper-button-prev\" role=\"button\" tabindex=\"0\">\n\t\t\t\t\t\t<svg aria-hidden=\"true\" class=\"e-font-icon-svg e-eicon-chevron-left\" viewbox=\"0 0 1000 1000\" xmlns=\"http:\/\/www.w3.org\/2000\/svg\"><path d=\"M646 125C629 125 613 133 604 142L308 442C296 454 292 471 292 487 292 504 296 521 308 533L604 854C617 867 629 875 646 875 663 875 679 871 692 858 704 846 713 829 713 812 713 796 708 779 692 767L438 487 692 225C700 217 708 204 708 187 708 171 704 154 692 142 675 129 663 125 646 125Z\"><\/path><\/svg>\t\t\t\t\t<\/div>\n\t\t\t\t\t<div class=\"elementor-swiper-button elementor-swiper-button-next\" role=\"button\" tabindex=\"0\">\n\t\t\t\t\t\t<svg aria-hidden=\"true\" class=\"e-font-icon-svg e-eicon-chevron-right\" viewbox=\"0 0 1000 1000\" xmlns=\"http:\/\/www.w3.org\/2000\/svg\"><path d=\"M696 533C708 521 713 504 713 487 713 471 708 454 696 446L400 146C388 133 375 125 354 125 338 125 325 129 313 142 300 154 292 171 292 187 292 204 296 221 308 233L563 492 304 771C292 783 288 800 288 817 288 833 296 850 308 863 321 871 338 875 354 875 371 875 388 867 400 854L696 533Z\"><\/path><\/svg>\t\t\t\t\t<\/div>\n\t\t\t\t\n\t\t\t\t\t\t\t\t\t<div class=\"swiper-pagination\"><\/div>\n\t\t\t\t\t\t\t\t\t<\/div>\n\t\t\t\t\t\t<\/div>\n\t\t\t\t<\/div>\n\t\t\t\t<\/div>\n\t\t\t\t\t<\/div>\n\t\t\t\t<\/div>\n\t\t\t\t<\/div>","protected":false},"excerpt":{"rendered":"<p>\u00a1Elija de nuestra cartera de consumibles! Envasos Desinfecci\u00f3n (pr\u00f3ximamente) Fertilizantes (pr\u00f3ximamente) Maquinaria Envasos Pel\u00edcula Flowwrap Pel\u00edcula PVC Bolsas Ziploc Pel\u00edcula termoencogible Pel\u00edcula Top Seal Etiquetas Bolsas MAP y BOPP Charolas, Punnets y Clamshells<\/p>","protected":false},"author":1,"featured_media":0,"parent":0,"menu_order":0,"comment_status":"closed","ping_status":"closed","template":"","meta":{"ocean_post_layout":"full-screen","ocean_both_sidebars_style":"","ocean_both_sidebars_content_width":0,"ocean_both_sidebars_sidebars_width":0,"ocean_sidebar":"0","ocean_second_sidebar":"0","ocean_disable_margins":"enable","ocean_add_body_class":"","ocean_shortcode_before_top_bar":"","ocean_shortcode_after_top_bar":"","ocean_shortcode_before_header":"","ocean_shortcode_after_header":"","ocean_has_shortcode":"","ocean_shortcode_after_title":"","ocean_shortcode_before_footer_widgets":"","ocean_shortcode_after_footer_widgets":"","ocean_shortcode_before_footer_bottom":"","ocean_shortcode_after_footer_bottom":"","ocean_display_top_bar":"off","ocean_display_header":"default","ocean_header_style":"","ocean_center_header_left_menu":"0","ocean_custom_header_template":"0","ocean_custom_logo":0,"ocean_custom_retina_logo":0,"ocean_custom_logo_max_width":0,"ocean_custom_logo_tablet_max_width":0,"ocean_custom_logo_mobile_max_width":0,"ocean_custom_logo_max_height":0,"ocean_custom_logo_tablet_max_height":0,"ocean_custom_logo_mobile_max_height":0,"ocean_header_custom_menu":"0","ocean_menu_typo_font_family":"0","ocean_menu_typo_font_subset":"","ocean_menu_typo_font_size":0,"ocean_menu_typo_font_size_tablet":0,"ocean_menu_typo_font_size_mobile":0,"ocean_menu_typo_font_size_unit":"px","ocean_menu_typo_font_weight":"","ocean_menu_typo_font_weight_tablet":"","ocean_menu_typo_font_weight_mobile":"","ocean_menu_typo_transform":"","ocean_menu_typo_transform_tablet":"","ocean_menu_typo_transform_mobile":"","ocean_menu_typo_line_height":0,"ocean_menu_typo_line_height_tablet":0,"ocean_menu_typo_line_height_mobile":0,"ocean_menu_typo_line_height_unit":"","ocean_menu_typo_spacing":0,"ocean_menu_typo_spacing_tablet":0,"ocean_menu_typo_spacing_mobile":0,"ocean_menu_typo_spacing_unit":"","ocean_menu_link_color":"","ocean_menu_link_color_hover":"","ocean_menu_link_color_active":"","ocean_menu_link_background":"","ocean_menu_link_hover_background":"","ocean_menu_link_active_background":"","ocean_menu_social_links_bg":"","ocean_menu_social_hover_links_bg":"","ocean_menu_social_links_color":"","ocean_menu_social_hover_links_color":"","ocean_disable_title":"on","ocean_disable_heading":"default","ocean_post_title":"","ocean_post_subheading":"","ocean_post_title_style":"","ocean_post_title_background_color":"","ocean_post_title_background":0,"ocean_post_title_bg_image_position":"","ocean_post_title_bg_image_attachment":"","ocean_post_title_bg_image_repeat":"","ocean_post_title_bg_image_size":"","ocean_post_title_height":0,"ocean_post_title_bg_overlay":0.5,"ocean_post_title_bg_overlay_color":"","ocean_disable_breadcrumbs":"default","ocean_breadcrumbs_color":"","ocean_breadcrumbs_separator_color":"","ocean_breadcrumbs_links_color":"","ocean_breadcrumbs_links_hover_color":"","ocean_display_footer_widgets":"off","ocean_display_footer_bottom":"off","ocean_custom_footer_template":"0","footnotes":""},"class_list":["post-1869","page","type-page","status-publish","hentry","entry"],"_links":{"self":[{"href":"https:\/\/dukimatic.com\/en\/wp-json\/wp\/v2\/pages\/1869","targetHints":{"allow":["GET"]}}],"collection":[{"href":"https:\/\/dukimatic.com\/en\/wp-json\/wp\/v2\/pages"}],"about":[{"href":"https:\/\/dukimatic.com\/en\/wp-json\/wp\/v2\/types\/page"}],"author":[{"embeddable":true,"href":"https:\/\/dukimatic.com\/en\/wp-json\/wp\/v2\/users\/1"}],"replies":[{"embeddable":true,"href":"https:\/\/dukimatic.com\/en\/wp-json\/wp\/v2\/comments?post=1869"}],"version-history":[{"count":30,"href":"https:\/\/dukimatic.com\/en\/wp-json\/wp\/v2\/pages\/1869\/revisions"}],"predecessor-version":[{"id":3233,"href":"https:\/\/dukimatic.com\/en\/wp-json\/wp\/v2\/pages\/1869\/revisions\/3233"}],"wp:attachment":[{"href":"https:\/\/dukimatic.com\/en\/wp-json\/wp\/v2\/media?parent=1869"}],"curies":[{"name":"wp","href":"https:\/\/api.w.org\/{rel}","templated":true}]}}