{"id":1090,"date":"2019-10-29T17:16:50","date_gmt":"2019-10-29T17:16:50","guid":{"rendered":"https:\/\/dukimatic.com\/aviso-de-privacidad\/"},"modified":"2025-07-01T01:24:43","modified_gmt":"2025-07-01T01:24:43","slug":"aviso-de-privacidad","status":"publish","type":"page","link":"https:\/\/dukimatic.com\/en\/aviso-de-privacidad\/","title":{"rendered":"AVISO DE PRIVACIDAD"},"content":{"rendered":"<div data-elementor-type=\"wp-post\" data-elementor-id=\"1090\" class=\"elementor elementor-1090\">\n\t\t\t\t<div class=\"elementor-element elementor-element-4a799af e-flex e-con-boxed e-con e-parent\" data-id=\"4a799af\" data-element_type=\"container\">\n\t\t\t\t\t<div class=\"e-con-inner\">\n\t\t\t\t<div class=\"elementor-element elementor-element-84d08cb elementor-widget elementor-widget-text-editor\" data-id=\"84d08cb\" data-element_type=\"widget\" data-widget_type=\"text-editor.default\">\n\t\t\t\t<div class=\"elementor-widget-container\">\n\t\t\t\t\t\t\t\t\t<p class=\"ds-markdown-paragraph\"><strong>AVISO DE PRIVACIDAD<\/strong><\/p><p class=\"ds-markdown-paragraph\">De acuerdo con lo previsto en la\u00a0<strong>&#8220;Ley Federal de Protecci\u00f3n de Datos Personales&#8221;<\/strong>, declara\u00a0<strong>[XXX NOMBRE LEGAL DE DUKIMATIC XXX]<\/strong>\u00a0ser una empresa legalmente constituida de conformidad con las leyes mexicanas, con domicilio en\u00a0<strong>[XXX DOMICILIO COMPLETO (CALLE, N\u00daMERO, COLONIA, CP, CIUDAD, ESTADO) XXX]<\/strong>\u00a0y como responsable del tratamiento de sus datos personales, hace de su conocimiento que la informaci\u00f3n de nuestros\u00a0<strong>[XXX COLECTIVO (EJ. CLIENTES, PROVEEDORES, TRABAJADORES) XXX]<\/strong>\u00a0es tratada de forma estrictamente confidencial por lo que al proporcionar sus datos personales, tales como:<\/p><ol start=\"1\"><li><p class=\"ds-markdown-paragraph\">Nombre completo<\/p><\/li><li><p class=\"ds-markdown-paragraph\">Direcci\u00f3n<\/p><\/li><li><p class=\"ds-markdown-paragraph\">Registro Federal de Contribuyentes<\/p><\/li><li><p class=\"ds-markdown-paragraph\">Tel\u00e9fonos (hogar, oficina, m\u00f3vil)<\/p><\/li><li><p class=\"ds-markdown-paragraph\">Correo electr\u00f3nico<\/p><\/li><li><p class=\"ds-markdown-paragraph\"><strong>[XXX DOCUMENTO 1 (EJ. INE\/PASAPORTE) XXX]<\/strong><\/p><\/li><li><p class=\"ds-markdown-paragraph\"><strong>[XXX DOCUMENTO 2 (EJ. ACTA DE NACIMIENTO) XXX]<\/strong><\/p><\/li><li><p class=\"ds-markdown-paragraph\"><strong>[XXX DOCUMENTO 3 (EJ. CURP) XXX]<\/strong><\/p><\/li><\/ol><p class=\"ds-markdown-paragraph\">Estos ser\u00e1n utilizados \u00fanica y exclusivamente para los siguientes fines:<\/p><ol start=\"1\"><li><p class=\"ds-markdown-paragraph\">Informaci\u00f3n y prestaci\u00f3n de servicios<\/p><\/li><li><p class=\"ds-markdown-paragraph\">Actualizaci\u00f3n de la base de datos<\/p><\/li><li><p class=\"ds-markdown-paragraph\"><strong>[XXX FINALIDAD 1 (EJ. FACTURACI\u00d3N ELECTR\u00d3NICA) XXX]<\/strong><\/p><\/li><li><p class=\"ds-markdown-paragraph\"><strong>[XXX FINALIDAD 2 (EJ. GESTI\u00d3N DE GARANT\u00cdAS) XXX]<\/strong><\/p><\/li><\/ol><p class=\"ds-markdown-paragraph\">En el caso de datos sensibles, tales como:<\/p><ol start=\"1\"><li><p class=\"ds-markdown-paragraph\">Datos financieros (ingresos, estados de cuenta, etc.)<\/p><\/li><li><p class=\"ds-markdown-paragraph\">Datos patrimoniales (bienes materiales, inmuebles, etc.)<\/p><\/li><li><p class=\"ds-markdown-paragraph\"><strong>[XXX DATO SENSIBLE 1 (EJ. HISTORIAL M\u00c9DICO PARA EMPLEADOS) XXX]<\/strong><\/p><\/li><li><p class=\"ds-markdown-paragraph\"><strong>[XXX DATO SENSIBLE 2 (EJ. REFERENCIAS FAMILIARES) XXX]<\/strong><\/p><\/li><\/ol><p class=\"ds-markdown-paragraph\">Estos ser\u00e1n utilizados \u00fanica y exclusivamente para:<\/p><ol start=\"1\"><li><p class=\"ds-markdown-paragraph\"><strong>[XXX FINALIDAD SENSIBLE 1 (EJ. SOLICITUD DE CR\u00c9DITOS) XXX]<\/strong><\/p><\/li><li><p class=\"ds-markdown-paragraph\"><strong>[XXX FINALIDAD SENSIBLE 2 (EJ. SEGUROS MEDICOS) XXX]<\/strong><\/p><\/li><\/ol><p class=\"ds-markdown-paragraph\">Todos sus datos personales son tratados conforme a la legislaci\u00f3n aplicable. Usted tiene derecho a ejercer sus derechos\u00a0<strong>ARCO<\/strong>\u00a0(Acceso, Rectificaci\u00f3n, Cancelaci\u00f3n, Oposici\u00f3n) a trav\u00e9s de:<\/p><ul><li><p class=\"ds-markdown-paragraph\"><strong>Tel\u00e9fono:<\/strong>\u00a0<strong>[XXX TEL\u00c9FONO DEL \u00c1REA RESPONSABLE (EJ. RECURSOS HUMANOS) XXX]<\/strong><\/p><\/li><li><p class=\"ds-markdown-paragraph\"><strong>Correo:<\/strong>\u00a0<strong>[XXX EMAIL OFICIAL (EJ.\u00a0<a href=\"https:\/\/mailto:PRIVACIDAD@dukimatic.com\/en\/\" target=\"_blank\" rel=\"noopener noreferrer\">PRIVACIDAD@DUKIMATIC.COM<\/a>) XXX]<\/strong><\/p><\/li><\/ul><p class=\"ds-markdown-paragraph\">Este aviso podr\u00e1 ser modificado por\u00a0<strong>[XXX NOMBRE LEGAL DE DUKIMATIC XXX]<\/strong>, siendo notificados los cambios mediante\u00a0<strong>[XXX MEDIO (EJ. CORREO\/CARTA) XXX]<\/strong>.<\/p>\t\t\t\t\t\t\t\t<\/div>\n\t\t\t\t<\/div>\n\t\t\t\t\t<\/div>\n\t\t\t\t<\/div>\n\t\t\t\t<\/div>","protected":false},"excerpt":{"rendered":"<p>AVISO DE PRIVACIDAD De acuerdo con lo previsto en la\u00a0&#8220;Ley Federal de Protecci\u00f3n de Datos Personales&#8221;, declara\u00a0[XXX NOMBRE LEGAL DE DUKIMATIC XXX]\u00a0ser una empresa legalmente constituida de conformidad con las leyes mexicanas, con domicilio en\u00a0[XXX DOMICILIO COMPLETO (CALLE, N\u00daMERO, COLONIA, CP, CIUDAD, ESTADO) XXX]\u00a0y como responsable del tratamiento de sus datos personales, hace de su [&hellip;]<\/p>","protected":false},"author":1,"featured_media":0,"parent":0,"menu_order":0,"comment_status":"closed","ping_status":"closed","template":"","meta":{"ocean_post_layout":"full-screen","ocean_both_sidebars_style":"","ocean_both_sidebars_content_width":0,"ocean_both_sidebars_sidebars_width":0,"ocean_sidebar":"0","ocean_second_sidebar":"0","ocean_disable_margins":"enable","ocean_add_body_class":"","ocean_shortcode_before_top_bar":"","ocean_shortcode_after_top_bar":"","ocean_shortcode_before_header":"","ocean_shortcode_after_header":"","ocean_has_shortcode":"","ocean_shortcode_after_title":"","ocean_shortcode_before_footer_widgets":"","ocean_shortcode_after_footer_widgets":"","ocean_shortcode_before_footer_bottom":"","ocean_shortcode_after_footer_bottom":"","ocean_display_top_bar":"default","ocean_display_header":"default","ocean_header_style":"","ocean_center_header_left_menu":"0","ocean_custom_header_template":"0","ocean_custom_logo":0,"ocean_custom_retina_logo":0,"ocean_custom_logo_max_width":0,"ocean_custom_logo_tablet_max_width":0,"ocean_custom_logo_mobile_max_width":0,"ocean_custom_logo_max_height":0,"ocean_custom_logo_tablet_max_height":0,"ocean_custom_logo_mobile_max_height":0,"ocean_header_custom_menu":"0","ocean_menu_typo_font_family":"0","ocean_menu_typo_font_subset":"","ocean_menu_typo_font_size":0,"ocean_menu_typo_font_size_tablet":0,"ocean_menu_typo_font_size_mobile":0,"ocean_menu_typo_font_size_unit":"px","ocean_menu_typo_font_weight":"","ocean_menu_typo_font_weight_tablet":"","ocean_menu_typo_font_weight_mobile":"","ocean_menu_typo_transform":"","ocean_menu_typo_transform_tablet":"","ocean_menu_typo_transform_mobile":"","ocean_menu_typo_line_height":0,"ocean_menu_typo_line_height_tablet":0,"ocean_menu_typo_line_height_mobile":0,"ocean_menu_typo_line_height_unit":"","ocean_menu_typo_spacing":0,"ocean_menu_typo_spacing_tablet":0,"ocean_menu_typo_spacing_mobile":0,"ocean_menu_typo_spacing_unit":"","ocean_menu_link_color":"","ocean_menu_link_color_hover":"","ocean_menu_link_color_active":"","ocean_menu_link_background":"","ocean_menu_link_hover_background":"","ocean_menu_link_active_background":"","ocean_menu_social_links_bg":"","ocean_menu_social_hover_links_bg":"","ocean_menu_social_links_color":"","ocean_menu_social_hover_links_color":"","ocean_disable_title":"on","ocean_disable_heading":"default","ocean_post_title":"","ocean_post_subheading":"","ocean_post_title_style":"","ocean_post_title_background_color":"","ocean_post_title_background":0,"ocean_post_title_bg_image_position":"","ocean_post_title_bg_image_attachment":"","ocean_post_title_bg_image_repeat":"","ocean_post_title_bg_image_size":"","ocean_post_title_height":0,"ocean_post_title_bg_overlay":0.5,"ocean_post_title_bg_overlay_color":"","ocean_disable_breadcrumbs":"default","ocean_breadcrumbs_color":"","ocean_breadcrumbs_separator_color":"","ocean_breadcrumbs_links_color":"","ocean_breadcrumbs_links_hover_color":"","ocean_display_footer_widgets":"default","ocean_display_footer_bottom":"default","ocean_custom_footer_template":"0","footnotes":""},"class_list":["post-1090","page","type-page","status-publish","hentry","entry"],"_links":{"self":[{"href":"https:\/\/dukimatic.com\/en\/wp-json\/wp\/v2\/pages\/1090","targetHints":{"allow":["GET"]}}],"collection":[{"href":"https:\/\/dukimatic.com\/en\/wp-json\/wp\/v2\/pages"}],"about":[{"href":"https:\/\/dukimatic.com\/en\/wp-json\/wp\/v2\/types\/page"}],"author":[{"embeddable":true,"href":"https:\/\/dukimatic.com\/en\/wp-json\/wp\/v2\/users\/1"}],"replies":[{"embeddable":true,"href":"https:\/\/dukimatic.com\/en\/wp-json\/wp\/v2\/comments?post=1090"}],"version-history":[{"count":4,"href":"https:\/\/dukimatic.com\/en\/wp-json\/wp\/v2\/pages\/1090\/revisions"}],"predecessor-version":[{"id":3226,"href":"https:\/\/dukimatic.com\/en\/wp-json\/wp\/v2\/pages\/1090\/revisions\/3226"}],"wp:attachment":[{"href":"https:\/\/dukimatic.com\/en\/wp-json\/wp\/v2\/media?parent=1090"}],"curies":[{"name":"wp","href":"https:\/\/api.w.org\/{rel}","templated":true}]}}